{"id":339,"date":"2015-10-12T16:40:34","date_gmt":"2015-10-12T14:40:34","guid":{"rendered":"https:\/\/raplakunst.eu\/?page_id=339"},"modified":"2024-11-18T17:51:44","modified_gmt":"2024-11-18T15:51:44","slug":"ruum","status":"publish","type":"page","link":"https:\/\/raplakunst.eu\/?page_id=339&lang=et","title":{"rendered":"Ruum"},"content":{"rendered":"<p>Meie ruumid aasuvad Tallinna mnt 3, Raplas, endise Espaki maja kolmandal korrusel. N\u00e4itusesaali m\u00f6\u00f6dud: 12,2&#215;17,7m, k\u00f5rgus laetaladeni 3,6m. Seinte toonid must wall 7 kood y498,\u00a0 valge vivacolor wall 7 seinav\u00e4rv.<\/p>\n<p>Joonised: Margit Terasmees.<\/p>\n<div id='gallery-1' class='gallery galleryid-339 gallery-columns-4 gallery-size-thumbnail'><figure class='gallery-item'>\n\t\t\t<div class='gallery-icon landscape'>\n\t\t\t\t<a href='https:\/\/raplakunst.eu\/wp-content\/uploads\/2016\/05\/rapla-KKKmoodud.png'><img loading=\"lazy\" decoding=\"async\" width=\"150\" height=\"150\" src=\"https:\/\/raplakunst.eu\/wp-content\/uploads\/2016\/05\/rapla-KKKmoodud-150x150.png\" class=\"attachment-thumbnail size-thumbnail\" alt=\"\" \/><\/a>\n\t\t\t<\/div><\/figure><figure class='gallery-item'>\n\t\t\t<div class='gallery-icon landscape'>\n\t\t\t\t<a href='https:\/\/raplakunst.eu\/wp-content\/uploads\/2016\/05\/rapla-KKK4.png'><img loading=\"lazy\" decoding=\"async\" width=\"150\" height=\"150\" src=\"https:\/\/raplakunst.eu\/wp-content\/uploads\/2016\/05\/rapla-KKK4-150x150.png\" class=\"attachment-thumbnail size-thumbnail\" alt=\"\" \/><\/a>\n\t\t\t<\/div><\/figure><figure class='gallery-item'>\n\t\t\t<div class='gallery-icon landscape'>\n\t\t\t\t<a href='https:\/\/raplakunst.eu\/wp-content\/uploads\/2016\/05\/rapla-KKK3.png'><img loading=\"lazy\" decoding=\"async\" width=\"150\" height=\"150\" src=\"https:\/\/raplakunst.eu\/wp-content\/uploads\/2016\/05\/rapla-KKK3-150x150.png\" class=\"attachment-thumbnail size-thumbnail\" alt=\"\" \/><\/a>\n\t\t\t<\/div><\/figure><figure class='gallery-item'>\n\t\t\t<div class='gallery-icon landscape'>\n\t\t\t\t<a href='https:\/\/raplakunst.eu\/wp-content\/uploads\/2016\/05\/rapla-KKK2.png'><img loading=\"lazy\" decoding=\"async\" width=\"150\" height=\"150\" src=\"https:\/\/raplakunst.eu\/wp-content\/uploads\/2016\/05\/rapla-KKK2-150x150.png\" class=\"attachment-thumbnail size-thumbnail\" alt=\"\" \/><\/a>\n\t\t\t<\/div><\/figure>\n\t\t<\/div>\n\n","protected":false},"excerpt":{"rendered":"<p>Meie ruumid aasuvad Tallinna mnt 3, Raplas, endise Espaki maja kolmandal korrusel. N\u00e4itusesaali m\u00f6\u00f6dud: 12,2&#215;17,7m, k\u00f5rgus laetaladeni 3,6m. Seinte toonid must wall 7 kood y498,\u00a0 valge vivacolor wall 7 seinav\u00e4rv. Joonised: Margit Terasmees.<\/p>\n","protected":false},"author":2,"featured_media":1008,"parent":0,"menu_order":0,"comment_status":"closed","ping_status":"closed","template":"page-templates\/full-width.php","meta":{"footnotes":""},"class_list":["post-339","page","type-page","status-publish","has-post-thumbnail","hentry"],"_links":{"self":[{"href":"https:\/\/raplakunst.eu\/index.php?rest_route=\/wp\/v2\/pages\/339","targetHints":{"allow":["GET"]}}],"collection":[{"href":"https:\/\/raplakunst.eu\/index.php?rest_route=\/wp\/v2\/pages"}],"about":[{"href":"https:\/\/raplakunst.eu\/index.php?rest_route=\/wp\/v2\/types\/page"}],"author":[{"embeddable":true,"href":"https:\/\/raplakunst.eu\/index.php?rest_route=\/wp\/v2\/users\/2"}],"replies":[{"embeddable":true,"href":"https:\/\/raplakunst.eu\/index.php?rest_route=%2Fwp%2Fv2%2Fcomments&post=339"}],"version-history":[{"count":13,"href":"https:\/\/raplakunst.eu\/index.php?rest_route=\/wp\/v2\/pages\/339\/revisions"}],"predecessor-version":[{"id":2533,"href":"https:\/\/raplakunst.eu\/index.php?rest_route=\/wp\/v2\/pages\/339\/revisions\/2533"}],"wp:featuredmedia":[{"embeddable":true,"href":"https:\/\/raplakunst.eu\/index.php?rest_route=\/wp\/v2\/media\/1008"}],"wp:attachment":[{"href":"https:\/\/raplakunst.eu\/index.php?rest_route=%2Fwp%2Fv2%2Fmedia&parent=339"}],"curies":[{"name":"wp","href":"https:\/\/api.w.org\/{rel}","templated":true}]}}