{"id":45,"date":"2015-10-06T10:27:27","date_gmt":"2015-10-06T10:27:27","guid":{"rendered":"https:\/\/raplakunst.eu\/?page_id=45"},"modified":"2024-10-14T16:16:43","modified_gmt":"2024-10-14T14:16:43","slug":"tanusonad","status":"publish","type":"page","link":"https:\/\/raplakunst.eu\/?page_id=45&lang=et","title":{"rendered":"T\u00e4nus\u00f5nad"},"content":{"rendered":"<h6>Me t\u00e4name Teid:<\/h6>\n<div style=\"float: left;width: 45%;margin: 48px 0 0 60px\">\n<p>Tiit Niklus<\/p>\n<p>N&amp;N Invest Grupp<\/p>\n<p>Kultuuriministeerium<\/p>\n<p>Kodaniku\u00fchiskonna Sihtkapital SA<\/p>\n<p>KUMU Kunstimuuseumi N\u00e4ituste Osakond<\/p>\n<p>Meelis T\u00e4hep\u00f5ld<\/p>\n<p>ERCO<\/p>\n<p>Eesti Kultuurkapital<\/p>\n<p>Eesti Kultuurkapitali Raplamaa Ekspertgrupp<\/p>\n<p>Valter Uusberg<\/p>\n<p>Rapla Vallavalitsus<\/p>\n<p>Hollandi Suursaatkond Eestis<\/p>\n<p>Eesti Suursaatkond Hollandis<\/p>\n<p>Eesti Suursaatkond Helsingis<\/p>\n<p>Vakku Kunstiselts<\/p>\n<p>Rapla Kommipood<\/p>\n<p>Tallinna Karastusjoogid AS<\/p>\n<p>Herbert Orgusaar<\/p>\n<p>Ants Agu<\/p>\n<p>Margit Terasmees<\/p>\n<p>Swedbank`i Rapla kontor<\/p>\n<\/div>\n<div style=\"float: left;width: 45%;margin: 48px 0\">\n<p>Papyrus AS<\/p>\n<p>Hilleberg Eesti O\u00dc<\/p>\n<p>Ajaleht &#8220;Raplamaa S\u00f5numid&#8221;<\/p>\n<p>TRE Raadio<\/p>\n<p>Katrin Kirsipuu<\/p>\n<p>Rikka Horn<\/p>\n<p>Ruve Shank<\/p>\n<p>Kohvipood<\/p>\n<p>Anne-Mai Heimola<\/p>\n<p>Eteri T\u00f5lgo<\/p>\n<p>Ave Tislar<\/p>\n<p>Editha Salm<\/p>\n<p>Olga Sokk<\/p>\n<p>Krista Urvet<\/p>\n<p>Avo P\u00e4\u00e4dam<\/p>\n<p>Siret Varim\u00f5is<\/p>\n<p>Maiu Albo<\/p>\n<p>Agur T\u00e4hep\u00f5ld<\/p>\n<p>Merle Kannus<\/p>\n<p>Erki Kannus<\/p>\n<p>Kati Kerstna<\/p>\n<p>&nbsp;<\/p>\n<\/div>\n","protected":false},"excerpt":{"rendered":"<p>Me t\u00e4name Teid: Tiit Niklus N&amp;N Invest Grupp Kultuuriministeerium Kodaniku\u00fchiskonna Sihtkapital SA KUMU Kunstimuuseumi N\u00e4ituste Osakond Meelis T\u00e4hep\u00f5ld ERCO Eesti Kultuurkapital Eesti Kultuurkapitali Raplamaa Ekspertgrupp Valter Uusberg Rapla Vallavalitsus Hollandi Suursaatkond Eestis Eesti Suursaatkond Hollandis Eesti Suursaatkond Helsingis Vakku Kunstiselts Rapla Kommipood Tallinna Karastusjoogid AS Herbert Orgusaar Ants Agu Margit Terasmees Swedbank`i Rapla kontor Papyrus &hellip; <a href=\"https:\/\/raplakunst.eu\/?page_id=45&#038;lang=et\" class=\"more-link\">Continue reading <span class=\"screen-reader-text\">T\u00e4nus\u00f5nad<\/span> <span class=\"meta-nav\">&rarr;<\/span><\/a><\/p>\n","protected":false},"author":1,"featured_media":0,"parent":0,"menu_order":0,"comment_status":"closed","ping_status":"closed","template":"page-templates\/full-width.php","meta":{"footnotes":""},"class_list":["post-45","page","type-page","status-publish","hentry"],"_links":{"self":[{"href":"https:\/\/raplakunst.eu\/index.php?rest_route=\/wp\/v2\/pages\/45","targetHints":{"allow":["GET"]}}],"collection":[{"href":"https:\/\/raplakunst.eu\/index.php?rest_route=\/wp\/v2\/pages"}],"about":[{"href":"https:\/\/raplakunst.eu\/index.php?rest_route=\/wp\/v2\/types\/page"}],"author":[{"embeddable":true,"href":"https:\/\/raplakunst.eu\/index.php?rest_route=\/wp\/v2\/users\/1"}],"replies":[{"embeddable":true,"href":"https:\/\/raplakunst.eu\/index.php?rest_route=%2Fwp%2Fv2%2Fcomments&post=45"}],"version-history":[{"count":31,"href":"https:\/\/raplakunst.eu\/index.php?rest_route=\/wp\/v2\/pages\/45\/revisions"}],"predecessor-version":[{"id":2441,"href":"https:\/\/raplakunst.eu\/index.php?rest_route=\/wp\/v2\/pages\/45\/revisions\/2441"}],"wp:attachment":[{"href":"https:\/\/raplakunst.eu\/index.php?rest_route=%2Fwp%2Fv2%2Fmedia&parent=45"}],"curies":[{"name":"wp","href":"https:\/\/api.w.org\/{rel}","templated":true}]}}