{"id":7,"date":"2015-10-06T08:27:42","date_gmt":"2015-10-06T08:27:42","guid":{"rendered":"https:\/\/raplakunst.eu\/?page_id=7"},"modified":"2023-10-26T19:48:46","modified_gmt":"2023-10-26T17:48:46","slug":"tutvustus","status":"publish","type":"page","link":"https:\/\/raplakunst.eu\/?page_id=7&lang=et","title":{"rendered":"Tutvustus"},"content":{"rendered":"<p><a href=\"https:\/\/raplakunst.eu\/wp-content\/uploads\/2023\/10\/raplalogo.pdf\"><img loading=\"lazy\" decoding=\"async\" class=\"alignnone wp-image-2180\" src=\"https:\/\/raplakunst.eu\/wp-content\/uploads\/2023\/10\/raplalogo-300x187.png\" alt=\"\" width=\"204\" height=\"127\" srcset=\"https:\/\/raplakunst.eu\/wp-content\/uploads\/2023\/10\/raplalogo-300x187.png 300w, https:\/\/raplakunst.eu\/wp-content\/uploads\/2023\/10\/raplalogo-768x477.png 768w, https:\/\/raplakunst.eu\/wp-content\/uploads\/2023\/10\/raplalogo.png 1200w\" sizes=\"auto, (max-width: 204px) 100vw, 204px\" \/><\/a><\/p>\n<p>Raplamaa Kaasaegse Kunsti Keskus kanti MT\u00dc-de registrisse 12.mail 2010. Selle tekkimiseks andis t\u00f5uke see, et Rapla Kunstiseltsi \u00d5pikoda soovis otsi koomale t\u00f5mmata ja kunstikursusi lastele ja noortele Raplas enam mitte teha. Juhendajad, kes kursusi juhendasid pidasid aru nii enda, kui teistega ning nii j\u00f5udsid kaks (Riin Pallon ja Kairi Orgusaar) neist j\u00e4reldusele, et tuleb teha midagi ise, midagi suurt ja midagi head.<\/p>\n<p>Oma p\u00f5hikirja kirjutasime k\u00f5ik eesm\u00e4rgid, mis meie jaoks on olulised.<br \/>\nNiisiis: RKKK eesm\u00e4rgiks on inimeste kunstialase teadlikkuse t\u00f5stmine, loovuse arendamine ja kunsti propageerimine. Oma eesm\u00e4rgi saavutamiseks oleme planeerinud j\u00e4rgmisi tegevusi:<br \/>\n\u00b7 propageerime kunsti ja levitame kunstialast teavet ning tutvustame Eesti kaasaegset kunsti Eestis ja v\u00e4ljaspool Eestit<br \/>\n\u00b7 korraldame erinevaid kultuuri- ja kunsti\u00fcritusi, sh. nii kohalikud kui rahvusvahelised s\u00fcmpoosionid, n\u00e4ituseid, \u00f5ppereisid, koolitused, kursused, t\u00f6\u00f6toad jms.<br \/>\n\u00b7 loome ja t\u00e4iendame kultuuri- ja kunsti\u00fcrituste ning muu kunstitegevuse jaoks vajalikke materiaalseid baase ning tugistruktuure<br \/>\n\u00b7 teeme koost\u00f6\u00f6d Eesti ja rahvusvaheliste organisatsioonidega ning \u00fcksikisikutega k\u00f5ikidel tasanditel<br \/>\n\u00b7 edendame koost\u00f6\u00f6d eri kunstiliikide vahel: \u00fchisprojektid nt. kaasaegse luule-, muusika- ja n\u00e4itekunstiga<br \/>\n\u00b7 loome kunstiprojekte Rapla linnaruumi v\u00f5i ka mujale avalikku keskkonda<\/p>\n<p>Nagu lugeja juba aru saab, on meie missiooniks kunst. Loodame, et RKKK-sse leiavad tee paljud kunstihuvilised. Oleme avatud koost\u00f6\u00f6le ja koosm\u00f5tlemisele:)<\/p>\n<p>J\u00e4tkame joonistamis- ja maalimiskursusi lastele, noortele ja t\u00e4iskavanutele. J\u00e4lgige uudised.<\/p>\n<p>Raplamaa Kaasaegse Kunsti Keskus\u00a0 juhindub oma tegevuses <b><a href=\"https:\/\/heakodanik.ee\/vabauhenduste-eetikakoodeks\/\" target=\"_blank\" rel=\"noopener noreferrer\">vaba\u00fchenduste eetikakoodeksist<\/a><\/b><\/p>\n","protected":false},"excerpt":{"rendered":"<p>Raplamaa Kaasaegse Kunsti Keskus kanti MT\u00dc-de registrisse 12.mail 2010. Selle tekkimiseks andis t\u00f5uke see, et Rapla Kunstiseltsi \u00d5pikoda soovis otsi koomale t\u00f5mmata ja kunstikursusi lastele ja noortele Raplas enam mitte teha. Juhendajad, kes kursusi juhendasid pidasid aru nii enda, kui teistega ning nii j\u00f5udsid kaks (Riin Pallon ja Kairi Orgusaar) neist j\u00e4reldusele, et tuleb teha &hellip; <a href=\"https:\/\/raplakunst.eu\/?page_id=7&#038;lang=et\" class=\"more-link\">Continue reading <span class=\"screen-reader-text\">Tutvustus<\/span> <span class=\"meta-nav\">&rarr;<\/span><\/a><\/p>\n","protected":false},"author":1,"featured_media":276,"parent":0,"menu_order":0,"comment_status":"closed","ping_status":"closed","template":"page-templates\/full-width.php","meta":{"footnotes":""},"class_list":["post-7","page","type-page","status-publish","has-post-thumbnail","hentry"],"_links":{"self":[{"href":"https:\/\/raplakunst.eu\/index.php?rest_route=\/wp\/v2\/pages\/7","targetHints":{"allow":["GET"]}}],"collection":[{"href":"https:\/\/raplakunst.eu\/index.php?rest_route=\/wp\/v2\/pages"}],"about":[{"href":"https:\/\/raplakunst.eu\/index.php?rest_route=\/wp\/v2\/types\/page"}],"author":[{"embeddable":true,"href":"https:\/\/raplakunst.eu\/index.php?rest_route=\/wp\/v2\/users\/1"}],"replies":[{"embeddable":true,"href":"https:\/\/raplakunst.eu\/index.php?rest_route=%2Fwp%2Fv2%2Fcomments&post=7"}],"version-history":[{"count":9,"href":"https:\/\/raplakunst.eu\/index.php?rest_route=\/wp\/v2\/pages\/7\/revisions"}],"predecessor-version":[{"id":2191,"href":"https:\/\/raplakunst.eu\/index.php?rest_route=\/wp\/v2\/pages\/7\/revisions\/2191"}],"wp:featuredmedia":[{"embeddable":true,"href":"https:\/\/raplakunst.eu\/index.php?rest_route=\/wp\/v2\/media\/276"}],"wp:attachment":[{"href":"https:\/\/raplakunst.eu\/index.php?rest_route=%2Fwp%2Fv2%2Fmedia&parent=7"}],"curies":[{"name":"wp","href":"https:\/\/api.w.org\/{rel}","templated":true}]}}