{"id":9,"date":"2015-10-06T08:27:54","date_gmt":"2015-10-06T08:27:54","guid":{"rendered":"https:\/\/raplakunst.eu\/?page_id=9"},"modified":"2026-03-08T13:31:07","modified_gmt":"2026-03-08T11:31:07","slug":"kontakt","status":"publish","type":"page","link":"https:\/\/raplakunst.eu\/?page_id=9&lang=et","title":{"rendered":"Kontakt"},"content":{"rendered":"<p>Raplamaa Kaaseagse Kunsti Keskus MT\u00dc<\/p>\n<p>Keskus on avatud n\u00e4ituste ajal: teisip\u00e4evast reedeni kell 15.00 &#8211; 18.00, laup\u00e4eval ja p\u00fchap\u00e4eval 12.00 &#8211; 15.00. Esmasp\u00e4eval suletud<\/p>\n<p>Vabariigi aastap\u00e4eval 24. veebruaril on galerii suletud.<\/p>\n<p>Praegu avatud: J\u00fcri Arraku n\u00e4itus\u201cNaised ja mehed\u201d\u00a0\u00a0 N\u00e4itus on avatud 8. &#8211; 29. m\u00e4rtsini 2026.<\/p>\n<p>Tallinna mnt 3b, Rapla<br \/>\nKairi Orgusaar<br \/>\n<a href=\"javascript:secureDecryptAndNavigate('uGJNckbLDLmODOF91Msmpi2QE6XlMh+qbsWYaf7NTIGfYHvUa7ZEjkO5QHoBkfq0+lBdYeRiMgiBsXfYzrze+vYlOkZrYpC0fPQ9LPc=', '72db849e6b81ff4027d99b95ee1de9d4257eceb38e2880a30d29218ff806be81')\">kairi [dot] orgusaar [at] mail [dot] ee<\/a><br \/>\ntel. +372 53403124<\/p>\n<p>Reg. nr. 80309036<br \/>\nArveldusarve EE591010220115091017 SEB pank<\/p>\n","protected":false},"excerpt":{"rendered":"<p>Raplamaa Kaaseagse Kunsti Keskus MT\u00dc Keskus on avatud n\u00e4ituste ajal: teisip\u00e4evast reedeni kell 15.00 &#8211; 18.00, laup\u00e4eval ja p\u00fchap\u00e4eval 12.00 &#8211; 15.00. Esmasp\u00e4eval suletud Vabariigi aastap\u00e4eval 24. veebruaril on galerii suletud. Praegu avatud: J\u00fcri Arraku n\u00e4itus\u201cNaised ja mehed\u201d\u00a0\u00a0 N\u00e4itus on avatud 8. &#8211; 29. m\u00e4rtsini 2026. Tallinna mnt 3b, Rapla Kairi Orgusaar kairi [dot] orgusaar &hellip; <a href=\"https:\/\/raplakunst.eu\/?page_id=9&#038;lang=et\" class=\"more-link\">Continue reading <span class=\"screen-reader-text\">Kontakt<\/span> <span class=\"meta-nav\">&rarr;<\/span><\/a><\/p>\n","protected":false},"author":1,"featured_media":275,"parent":0,"menu_order":0,"comment_status":"closed","ping_status":"closed","template":"page-templates\/full-width.php","meta":{"footnotes":""},"class_list":["post-9","page","type-page","status-publish","has-post-thumbnail","hentry"],"_links":{"self":[{"href":"https:\/\/raplakunst.eu\/index.php?rest_route=\/wp\/v2\/pages\/9","targetHints":{"allow":["GET"]}}],"collection":[{"href":"https:\/\/raplakunst.eu\/index.php?rest_route=\/wp\/v2\/pages"}],"about":[{"href":"https:\/\/raplakunst.eu\/index.php?rest_route=\/wp\/v2\/types\/page"}],"author":[{"embeddable":true,"href":"https:\/\/raplakunst.eu\/index.php?rest_route=\/wp\/v2\/users\/1"}],"replies":[{"embeddable":true,"href":"https:\/\/raplakunst.eu\/index.php?rest_route=%2Fwp%2Fv2%2Fcomments&post=9"}],"version-history":[{"count":24,"href":"https:\/\/raplakunst.eu\/index.php?rest_route=\/wp\/v2\/pages\/9\/revisions"}],"predecessor-version":[{"id":2772,"href":"https:\/\/raplakunst.eu\/index.php?rest_route=\/wp\/v2\/pages\/9\/revisions\/2772"}],"wp:featuredmedia":[{"embeddable":true,"href":"https:\/\/raplakunst.eu\/index.php?rest_route=\/wp\/v2\/media\/275"}],"wp:attachment":[{"href":"https:\/\/raplakunst.eu\/index.php?rest_route=%2Fwp%2Fv2%2Fmedia&parent=9"}],"curies":[{"name":"wp","href":"https:\/\/api.w.org\/{rel}","templated":true}]}}